{"id":828,"date":"2017-07-24T09:34:23","date_gmt":"2017-07-24T07:34:23","guid":{"rendered":"http:\/\/www.visualhumanities.org\/wordpress\/?page_id=828"},"modified":"2023-08-31T14:56:10","modified_gmt":"2023-08-31T12:56:10","slug":"uhdl2023","status":"publish","type":"page","link":"https:\/\/www.urbanhistory4d.org\/wordpress\/uhdl2023\/","title":{"rendered":"UHDL Workshop 2023"},"content":{"rendered":"\n<p><strong>Workshop on Research and Education in Urban History in the Age of Digital Libraries<\/strong><\/p>\n\n\n\n<p>Munich, 27 &amp; 28 March 2023<\/p>\n\n\n<div class=\"wp-block-image\">\n<figure class=\"aligncenter size-large is-resized\"><a href=\"https:\/\/www.urbanhistory4d.org\/wp-content\/uploads\/Bild1.png\"><img loading=\"lazy\" decoding=\"async\" src=\"https:\/\/www.urbanhistory4d.org\/wp-content\/uploads\/Bild1-edited.png\" alt=\"\" class=\"wp-image-8011\" width=\"765\" height=\"430\" srcset=\"https:\/\/www.urbanhistory4d.org\/wp-content\/uploads\/Bild1-edited.png 3060w, https:\/\/www.urbanhistory4d.org\/wp-content\/uploads\/Bild1-edited-300x169.png 300w, https:\/\/www.urbanhistory4d.org\/wp-content\/uploads\/Bild1-edited-1024x576.png 1024w, https:\/\/www.urbanhistory4d.org\/wp-content\/uploads\/Bild1-edited-768x432.png 768w, https:\/\/www.urbanhistory4d.org\/wp-content\/uploads\/Bild1-edited-1536x864.png 1536w, https:\/\/www.urbanhistory4d.org\/wp-content\/uploads\/Bild1-edited-2048x1152.png 2048w, https:\/\/www.urbanhistory4d.org\/wp-content\/uploads\/Bild1-edited-150x84.png 150w\" sizes=\"auto, (max-width: 765px) 100vw, 765px\" \/><\/a><\/figure>\n<\/div>\n\n\n<div style=\"height:20px\" aria-hidden=\"true\" class=\"wp-block-spacer\"><\/div>\n\n\n<h2><strong>Call for Contributions<\/strong><\/h2>\n\n\n<p>Urban and architectural history are key areas in digital humanities and digital heritage. With respect to these research areas, digital repositories, data and research methods play an important role, especially when hosting visual media like photographs, paintings, or drawings, and last but not least physical and virtual models. Due to the wide field of possible research, different approaches, methods and technologies have emerged \u2013 and are still emerging.<\/p>\n\n\n\n<p>The purpose of the workshop is to provide a full picture with regards to epistemics, technology and framework conditions. We aim to discuss crucial challenges for further research and encourage exchange and debate. We would like to invite contributions on theoretical and methodological issues, application scenarios and projects, as well as novel approaches and tools. This includes the following five areas:<\/p>\n\n\n\n<ul class=\"wp-block-list\">\n<li>Theory, Methods, and Systematization<\/li>\n\n\n\n<li>Data handling and data schemes<\/li>\n\n\n\n<li>Machine Learning and Artificial Intelligence<\/li>\n\n\n\n<li>Visualization and Presentation<\/li>\n\n\n\n<li>Education in urban history<\/li>\n<\/ul>\n\n\n\n<p>To this cause, we are seeking original and innovative contributions in theoretical and practical applications on Digital Cultural Heritage.<\/p>\n\n\n\n<p><strong>TOPICS<\/strong><\/p>\n\n\n\n<p><strong>Theory, Methods, and Systematization<\/strong><\/p>\n\n\n\n<p>Digital humanities research as an inherently interdisciplinary field has created a high demand for critically reflected methods, techniques, valid strategies, classifications, and quality standards. But do computing methods also lead to new and ground-breaking research questions, approaches, or insights into architectural and urban cultural heritage research? In most cases, the use of computing simply extends nondigital possibilities, without much change to the pre-digital approaches and research questions. Nevertheless, digitalization has dramatically altered research qualities, quantities, and workflows. We welcome contributions on: <\/p>\n\n\n\n<ul class=\"wp-block-list\">\n<li>relevant data for architectural and urban history in digital archives and image repositories<\/li>\n\n\n\n<li>the effects of the use of digital archives and image repositories on scholarly work<\/li>\n\n\n\n<li>concepts and projects for networking and cooperation<\/li>\n\n\n\n<li>possible research questions regarding objects, spaces, content or historical events<\/li>\n<\/ul>\n\n\n\n<p><strong>Data handling and data schemes<\/strong><\/p>\n\n\n\n<p>The immense effort invested in digitization and rapid changes in technologies and formats has greatly increased the importance of data standards. Long-term data storage, availability of models and the interoperability of data formats are major challenges to existing digital infrastructures. We welcome contributions on:<\/p>\n\n\n\n<ul class=\"wp-block-list\">\n<li>3D databases as a tool to support urban historical research<\/li>\n\n\n\n<li>Metadata and paradata<\/li>\n\n\n\n<li>Remote sensing approaches to support contextualization and intuitive access to data<\/li>\n\n\n\n<li>Linked and semantic data related to urban historical research<\/li>\n\n\n\n<li>the influence of knowledge of HCI on the design of historic models<\/li>\n<\/ul>\n\n\n\n<p><strong>Machine Learning and Artificial Intelligence<\/strong><\/p>\n\n\n\n<p>During the past few years, various new technological opportunities have arisen from big data, Semantic Web technologies, and the exponential growth in data accessible via digital libraries such as EUROPEANA. Data-driven supervised and unsupervised classification approaches have been used to acquire high-level semantic concepts, especially from the interconnection of different types of data. Interdisciplinary collaborations between computer science and humanities disciplines are essential in developing methods and workflows to enable cultural heritage research to exploit machine learning approaches. We welcome contributions on:<\/p>\n\n\n\n<ul class=\"wp-block-list\">\n<li>&nbsp;use cases and best practices of applied machine learning in digital humanities research<\/li>\n\n\n\n<li>novel approaches e.g., &nbsp;(semi-) automatic photogrammetric reconstruction of historical buildings from image databases<\/li>\n<\/ul>\n\n\n\n<p><strong>Visualization and Presentation<\/strong><\/p>\n\n\n\n<p>Historians in cultural heritage research today are enabled to explore new research directions due to the availability of multitudes of digitized historical photographs in image repositories. Moreover, novel approaches such as the photogrammetric reconstruction of historical buildings from image databases allow for contextualization and intuitive access to data. Typical motivations for accessing these archives and repositories are scientific research, pedagogical applications, and the study of historical sites. These areas require advances in methods for visualization and presentation of data to support the different target groups. &nbsp;We welcome contributions on:<\/p>\n\n\n\n<ul class=\"wp-block-list\">\n<li>Projects and investigations from urban history concerned with visualizations and presentation of spatial and\/or scholarly data<\/li>\n\n\n\n<li>Research scenarios for scholars using visualizations of urban history data<\/li>\n\n\n\n<li>Interdisciplinarity, e.g. intersections between digital cultural heritage and (sustainable) tourism studies<\/li>\n<\/ul>\n\n\n\n<p><strong>Education in urban history<\/strong><\/p>\n\n\n\n<p>Education and support by digital libraries still only plays a minor role in scholarly discourses on cultural heritage and in particular urban history. There is still no broad consensus on specific education paradigms or a canon of didactic settings in digitally supported teaching on urban history, and as yet no larger studies have been conducted in this area. We welcome contributions on:<\/p>\n\n\n\n<ul class=\"wp-block-list\">\n<li>educational scenarios for teaching urban history supported by digital methods<\/li>\n\n\n\n<li>approaches to employing large scale repositories for educational purposes in cultural history<\/li>\n\n\n\n<li>the design of virtual experiences as e.g. city tours<\/li>\n<\/ul>\n\n\n\n<h2 class=\"wp-block-heading\">Paper Submission<\/h2>\n\n\n\n<p>Please submit an extended abstract of&nbsp;<strong>1000-2000 words<\/strong> (~ 2-4 pages)&nbsp;in PDF format by&nbsp;<strong>December 15th, 2022<\/strong>&nbsp;via the electronic upload submission procedure on&nbsp;<a rel=\"noreferrer noopener\" href=\"https:\/\/easychair.org\/conferences\/?conf=uhdl2023\" data-type=\"URL\" data-id=\"https:\/\/easychair.org\/conferences\/?conf=uhdl2023\" target=\"_blank\">EasyChair<\/a>. <\/p>\n\n\n\n<p>All submissions will be peer reviewed for their originality, validity, methodology, writing quality and overall contribution to the research fields of the conference. The conference adopts a double blind reviewing process.  The authors must ensure that any information such as affiliations, contact details, e-mails or other type of information that can help identify the authors of the papers are removed from the submitted version. <\/p>\n\n\n\n<p>Please use the <a rel=\"noreferrer noopener\" href=\"https:\/\/www.springer.com\/gp\/computer-science\/lncs\/conference-proceedings-guidelines\" target=\"_blank\">Springer LaTeX2e, Microsoft Word 2003 or Microsoft Word 2007 templates and guidelines<\/a> for formatting your extended abstract.<\/p>\n\n\n\n<p>Selected submissions are proposed to be published in the Springer CCIS series &#8211; previous issues can be found <a href=\"https:\/\/link.springer.com\/conference\/uhdl\" target=\"_blank\" rel=\"noreferrer noopener\">here<\/a>.<\/p>\n\n\n\n<h2 class=\"wp-block-heading\">Timeline<\/h2>\n\n\n\n<figure class=\"wp-block-table is-style-stripes\"><table><tbody><tr><td>15 December 2022<\/td><td>Extended Abstract Submission (~2-4 pages)<\/td><\/tr><tr><td>3 February 2023<\/td><td>Notification<\/td><\/tr><tr><td>17 February 2023<\/td><td>Start of Registration for Workshop<\/td><\/tr><tr><td>26 March 2023<\/td><td>Full Paper Submission (for selected papers only)<\/td><\/tr><tr><td>27 &amp; 28 March 2023<\/td><td>Workshop in Munich<\/td><\/tr><\/tbody><\/table><\/figure>\n\n\n\n<h2 class=\"wp-block-heading\">Venue<\/h2>\n\n\n\n<p>The workshop will be hosted by the LMU Munich.<\/p>\n\n\n\n<p><strong>Address<\/strong>: LMU main building, Geschwister-Scholl-Platz 1, 80539 Munich, Germany<\/p>\n\n\n\n<p>The sessions will be in room A120 also called kleine Aula on the first floor. There will be refreshments and snacks in room M203 on the second floor during breaks.<\/p>\n\n\n\n<figure class=\"wp-block-gallery has-nested-images columns-default is-cropped wp-block-gallery-1 is-layout-flex wp-block-gallery-is-layout-flex\">\n<figure class=\"wp-block-image size-full is-style-default\"><a href=\"https:\/\/www.urbanhistory4d.org\/wp-content\/uploads\/Aerial_image_of_the_Ludwig_Maximilian_University_of_Munich_view_from_the_southeast.jpg\"><img loading=\"lazy\" decoding=\"async\" width=\"800\" height=\"426\" data-id=\"8069\" src=\"https:\/\/www.urbanhistory4d.org\/wp-content\/uploads\/Aerial_image_of_the_Ludwig_Maximilian_University_of_Munich_view_from_the_southeast.jpg\" alt=\"\" class=\"wp-image-8069\" srcset=\"https:\/\/www.urbanhistory4d.org\/wp-content\/uploads\/Aerial_image_of_the_Ludwig_Maximilian_University_of_Munich_view_from_the_southeast.jpg 800w, https:\/\/www.urbanhistory4d.org\/wp-content\/uploads\/Aerial_image_of_the_Ludwig_Maximilian_University_of_Munich_view_from_the_southeast-300x160.jpg 300w, https:\/\/www.urbanhistory4d.org\/wp-content\/uploads\/Aerial_image_of_the_Ludwig_Maximilian_University_of_Munich_view_from_the_southeast-768x409.jpg 768w, https:\/\/www.urbanhistory4d.org\/wp-content\/uploads\/Aerial_image_of_the_Ludwig_Maximilian_University_of_Munich_view_from_the_southeast-150x80.jpg 150w\" sizes=\"auto, (max-width: 800px) 100vw, 800px\" \/><\/a><figcaption class=\"wp-element-caption\">Main building of the Ludwig Maximilian University of Munich (Wikimedia Commons)<\/figcaption><\/figure>\n<\/figure>\n\n\n\n<h2 class=\"wp-block-heading\">Accommodation<\/h2>\n\n\n\n<p>We have prepared a short list of hotels for you which are close to the venue. We can recommend <a rel=\"noreferrer noopener\" href=\"https:\/\/www.kistenpfennig.net\/filalen\/amalienstrasse-muenchen\" target=\"_blank\">Familienb\u00e4ckerei Kistenpfennig<\/a> (Amalienstra\u00dfe 28) a bakery and cafe close by that serves good and affordable breakfast.<\/p>\n\n\n\n<figure class=\"wp-block-table is-style-stripes\"><table><tbody><tr><td><strong>Carlton Astoria<\/strong><br>F\u00fcrstenstrasse 12, Maxvorstadt, 80333 M\u00fcnchen<br><a href=\"http:\/\/www.carlton-astoria.de\/start.htm\" target=\"_blank\" rel=\"noreferrer noopener\">Hotel Homepage<\/a><\/td><td>Single Room one night for 100 EUR<br>Breakfast for 10 EUR<\/td><\/tr><tr><td><strong>Leonardo Boutique Hotel<\/strong><br>Amalienstrasse 25, Maxvorstadt, 80333 M\u00fcnchen<br><a rel=\"noreferrer noopener\" href=\"https:\/\/www.leonardo-hotels.com\/munich\/leonardo-boutique-hotel-munich?utm_source=GoogleAdwords&amp;utm_medium=CPC&amp;utm_campaign=5HOTEL_ENG_LEONARDOBOUTIQUEHOTELMUNICH&amp;gclid=Cj0KCQiAxbefBhDfARIsAL4XLRoyhVUjIAVUPm2v3LcBWAJ-sDHGR9oqdhsJAjzZ6d_WR-bCF9Nvh0saAmNmEALw_wcB\" target=\"_blank\">Hotel Homepage<\/a> <\/td><td>Single Room one night for 89 EUR<\/td><\/tr><tr><td><strong>Hotel Antares<\/strong><br>Amalienstrasse 20, Maxvorstadt, 80333 M\u00fcnchen<br><a rel=\"noreferrer noopener\" href=\"https:\/\/www.antares-muenchen.de\/en\/\" target=\"_blank\">Hotel Homepage<\/a><\/td><td>Single Room one night including breakfast for 80 EUR<\/td><\/tr><tr><td><strong>Yours Truly<\/strong><br>Sch\u00fctzenstra\u00dfe 1, Ludwigsvorstadt, 80335 M\u00fcnchen<br><a rel=\"noreferrer noopener\" href=\"https:\/\/www.yourstrulyhotel.com\/\" target=\"_blank\">Hotel Homepage<\/a><\/td><td>Single Room one night for 121 EUR<br>Breakfast for 15,40 EUR<\/td><\/tr><tr><td><strong>Smart Stay Hotel Station<\/strong><br>Sch\u00fctzenstra\u00dfe 7, Ludwigsvorstadt, 80335 M\u00fcnchen<br><a rel=\"noreferrer noopener\" href=\"https:\/\/www.smart-stay.de\/en\/hotels\/munich\/hotel-munich-station\/\" target=\"_blank\">Hotel Homepage<\/a><\/td><td>Single Room one night for 98 EUR<br>Breakfast for 6,90 EUR<\/td><\/tr><tr><td><strong>Hotel Hauser an der Universit\u00e4t<\/strong><br>Schellingstr. 11, Maxvorstadt, 80799 M\u00fcnchen<br><a rel=\"noreferrer noopener\" href=\"https:\/\/hotel-hauser.de\/en\/\" target=\"_blank\">Hotel Homepage<\/a><\/td><td>Single Room one night including breakfast for 95 EUR<\/td><\/tr><\/tbody><\/table><\/figure>\n\n\n\n<h2 class=\"wp-block-heading\">Registration &amp; Program<\/h2>\n\n\n\n<p>The workshop will be held in English and registration for the event is free of charge. Nevertheless, we ask you to register for the event so that we have a reliable number of participants for the planning.<\/p>\n\n\n\n<div class=\"wp-block-buttons is-layout-flex wp-block-buttons-is-layout-flex\">\n<div class=\"wp-block-button is-style-fill\"><a class=\"wp-block-button__link wp-element-button\" href=\"https:\/\/www.urbanhistory4d.org\/wordpress\/uhdl-2023-registration\/\" target=\"_blank\" rel=\"noreferrer noopener\">Registration<\/a><\/div>\n<\/div>\n\n\n\n<p>The Program for the UHDL 2023 is now available. <a href=\"https:\/\/www.urbanhistory4d.org\/wp-content\/uploads\/Programm-UHDL2023.pdf\" target=\"_blank\" rel=\"noreferrer noopener\">Download<\/a> and check the PDF for more information on sessions and presentations. There are 15 min and 5 min slots for presentations not including discussions. Please adhere to the time constraints. <\/p>\n\n\n\n<p>Anyone interested can join the sessions virtually:<\/p>\n\n\n\n<p>Zoom-Link: <a rel=\"noreferrer noopener\" href=\"https:\/\/uni-wuerzburg.zoom.us\/j\/65962706930?pwd=bFpobmhxT1BOY1EzbjQyMURTS21kQT09\" target=\"_blank\">https:\/\/uni-wuerzburg.zoom.us\/j\/65962706930?pwd=bFpobmhxT1BOY1EzbjQyMURTS21kQT09<\/a><br>Meeting-ID: 659 6270 6930<br>Kenncode: 284533<\/p>\n\n\n\n<p>We encourage all participants to bring a small poster (e.g., A3, 297 \u00d7 420 mm) of either their presentation or another interesting project. A picture and a statement are enough to get a conversation started or draw attention to the compelling work being done. We want the workshop to provide an opportunity for exchanging ideas and getting inspired.<\/p>\n\n\n<div class=\"wp-block-image\">\n<figure class=\"aligncenter size-large\"><a href=\"https:\/\/www.urbanhistory4d.org\/wp-content\/uploads\/Programm-UHDL2023.pdf\" target=\"_blank\" rel=\"noreferrer noopener\"><img loading=\"lazy\" decoding=\"async\" width=\"709\" height=\"1024\" src=\"https:\/\/www.urbanhistory4d.org\/wp-content\/uploads\/Program-overview-1-709x1024.jpg\" alt=\"\" class=\"wp-image-8127\" srcset=\"https:\/\/www.urbanhistory4d.org\/wp-content\/uploads\/Program-overview-1-709x1024.jpg 709w, https:\/\/www.urbanhistory4d.org\/wp-content\/uploads\/Program-overview-1-208x300.jpg 208w, https:\/\/www.urbanhistory4d.org\/wp-content\/uploads\/Program-overview-1-104x150.jpg 104w, https:\/\/www.urbanhistory4d.org\/wp-content\/uploads\/Program-overview-1.jpg 720w\" sizes=\"auto, (max-width: 709px) 100vw, 709px\" \/><\/a><\/figure>\n<\/div>\n\n\n<h2 class=\"wp-block-heading\">Commitee<\/h2>\n\n\n\n<div class=\"wp-block-columns is-layout-flex wp-container-core-columns-is-layout-9d6595d7 wp-block-columns-is-layout-flex\">\n<div class=\"wp-block-column is-layout-flow wp-block-column-is-layout-flow\" style=\"flex-basis:100%\">\n<div class=\"wp-block-columns is-layout-flex wp-container-core-columns-is-layout-9d6595d7 wp-block-columns-is-layout-flex\">\n<div class=\"wp-block-column is-layout-flow wp-block-column-is-layout-flow\" style=\"flex-basis:100%\">\n<p><strong>Organizing Committee<\/strong><\/p>\n\n\n\n<figure class=\"wp-block-table is-style-stripes\"><table><tbody><tr><td>Prof. Sander M\u00fcnster<\/td><td>DE<\/td><td>J.Prof. Digital Humanities, FSU Jena<\/td><\/tr><tr><td>Dr. Aaron Pattee<\/td><td>DE<\/td><td>Institut f\u00fcr Kunstgeschichte, LMU Munich<\/td><\/tr><tr><td>Cindy Kr\u00f6ber<\/td><td>DE<\/td><td>Digital Humanities, FSU Jena<\/td><\/tr><tr><td>Dr. Florian Niebling<\/td><td>DE<\/td><td>Digital Media, Fulda University of Applied Sciences<\/td><\/tr><\/tbody><\/table><\/figure>\n\n\n\n<p><strong>Programm Committee<\/strong><\/p>\n\n\n\n<figure class=\"wp-block-table is-style-stripes\"><table><tbody><tr><td>Prof. Fabrizio Apollonio<\/td><td>IT<\/td><td>Universit\u00e0 di Bologna \u2013 Alma mater studiorum<\/td><\/tr><tr><td>Clemens Beck<\/td><td>DE<\/td><td>Digital Humanities, FSU Jena<\/td><\/tr><tr><td>Jonas Bruschke<\/td><td>DE<\/td><td>Julius-Maximilians-Universit\u00e4t W\u00fcrzburg<\/td><\/tr><tr><td>Dr. Valerie Gouet-Brunet<\/td><td>FR<\/td><td>LASTIG Lab. \/ Univ. Gustave Eiffel \/ IGN<\/td><\/tr><tr><td>Prof. Ning Gu<\/td><td>AU<\/td><td>University of South Australia<\/td><\/tr><tr><td>Prof. Stephan Hoppe<\/td><td>DE<\/td><td>Institut f\u00fcr Kunstgeschichte, LMU Munich<\/td><\/tr><tr><td>Prof. Marinos Ioannides<\/td><td>CY<\/td><td>Digital Heritage Research Laboratory, Cyprus University of Technology<\/td><\/tr><tr><td>Prof. Thomas K\u00f6hler<\/td><td>DE<\/td><td>Vocational Education, TU Dresden<\/td><\/tr><tr><td>Prof. Piotr Kuroczy\u0144ski<\/td><td>DE<\/td><td>Hochschule Mainz &#8211; University of Applied Sciences<\/td><\/tr><tr><td>Dr. Ferdinand Maiwald<\/td><td>DE<\/td><td>Digital Humanities, FSU Jena \/ Photogrammetry, TU Dresden<\/td><\/tr><tr><td>Dr. Heike Messemer<\/td><td>DE<\/td><td>CODIP, TU Dresden<\/td><\/tr><tr><td>Gustavo Nogueira<\/td><td>DE<\/td><td>Digital Humanities, FSU Jena \/ Temporality Lab Amsterdam<\/td><\/tr><tr><td>Prof. Ramon Reyes Rodriguez<\/td><td>MX<\/td><td>Universidad&nbsp;de Guadalajara<\/td><\/tr><tr><td>Dr. Heather Richards-Rissetto<\/td><td>USA<\/td><td>University of Nebraska-Lincoln<\/td><\/tr><tr><td>Prof. Fulvio Rinaudo<\/td><td>IT<\/td><td>Politecnico di Torino<\/td><\/tr><tr><td>Prof. Stratos Stylianidis<\/td><td>GR<\/td><td>Aristotle University of Thessaloniki<\/td><\/tr><tr><td>Dr. Ying Sun<\/td><td>DE<\/td><td>Digital Humanities, FSU Jena \/ Mediadesign Hochschule Berlin<\/td><\/tr><tr><td>Prof. Rosa Tamborino<\/td><td>IT<\/td><td>Politecnico di Torino<\/td><\/tr><tr><td>Prof. Alex Yen<\/td><td>ROC<\/td><td>China University of Technology, Taipeh<\/td><\/tr><tr><td>Prof. Sina Zarrie\u00df<\/td><td>DE<\/td><td>University of Bielefeld<\/td><\/tr><\/tbody><\/table><\/figure>\n<\/div>\n<\/div>\n<\/div>\n<\/div>\n\n\n\n<h2 class=\"wp-block-heading\">Proceedings<\/h2>\n\n\n\n<figure class=\"wp-block-image size-full\"><a href=\"https:\/\/www.urbanhistory4d.org\/wp-content\/uploads\/proceedings_uhdl2023.jpg\"><img loading=\"lazy\" decoding=\"async\" width=\"92\" height=\"139\" src=\"https:\/\/www.urbanhistory4d.org\/wp-content\/uploads\/proceedings_uhdl2023.jpg\" alt=\"\" class=\"wp-image-8164\"\/><\/a><figcaption class=\"wp-element-caption\"><strong>Research and Education in Urban History in the Age of Digital Libraries<\/strong>, Conference Proceedings for the 3rd International Workshop, UHDL 2023, Munich, Germany, March 27-28, 2023, Revised Selected Papers. <a rel=\"noreferrer noopener\" href=\"https:\/\/link.springer.com\/book\/10.1007\/978-3-031-38871-2\" target=\"_blank\">https:\/\/link.springer.com\/book\/10.1007\/978-3-031-38871-2<\/a><\/figcaption><\/figure>\n\n\n\n<h2 class=\"wp-block-heading\">Previous Proceedings <\/h2>\n\n\n\n<p>Contributions from previous workshops in 2017 and 2019 have been published as Springer CCIS: <a href=\"https:\/\/link.springer.com\/conference\/uhdl\" target=\"_blank\" rel=\"noreferrer noopener\">https:\/\/link.springer.com\/conference\/uhdl<\/a><\/p>\n\n\n\n<figure class=\"wp-block-image size-full\"><a href=\"https:\/\/link.springer.com\/book\/10.1007\/978-3-319-76992-9\" target=\"_blank\" rel=\"noopener\"><img loading=\"lazy\" decoding=\"async\" width=\"92\" height=\"139\" src=\"https:\/\/www.urbanhistory4d.org\/wp-content\/uploads\/Bild2.jpg\" alt=\"\" class=\"wp-image-7810\"\/><\/a><figcaption class=\"wp-element-caption\"><strong>Digital Research and Education in Architectural Heritage<\/strong>, Conference Proceedings for the<br>5th Conference DECH 2017 and the 1st Workshop UHDL 2017, Dresden, Germany, March 30-31, 2017, Revised Selected Papers<\/figcaption><\/figure>\n\n\n\n<figure class=\"wp-block-image size-full\"><a href=\"https:\/\/link.springer.com\/book\/10.1007\/978-3-030-93186-5\" target=\"_blank\" rel=\"noopener\"><img loading=\"lazy\" decoding=\"async\" width=\"92\" height=\"139\" src=\"https:\/\/www.urbanhistory4d.org\/wp-content\/uploads\/Bild3.jpg\" alt=\"\" class=\"wp-image-7811\"\/><\/a><figcaption class=\"wp-element-caption\"><strong>Research and Education in Urban History in the Age of Digital Libraries<\/strong>, Conference Proceedings for the<br>2nd International Workshop UHDL 2019, Dresden, Germany, October 10\u201311, 2019, Revised Selected Papers<\/figcaption><\/figure>\n\n\n\n<h2 class=\"wp-block-heading\">Contact<\/h2>\n\n\n\n<p>Prof. Dr. Sander M\u00fcnster<br>J. Professor for Digital Humanities (Images\/Objects)<br>Friedrich-Schiller-Universit\u00e4t Jena<br>Leutragraben 1<br>D-07743 Jena (Germany)<\/p>\n\n\n\n<p>For any questions about paper submissions and the workshop itself you may contact the organizers by email to<strong> uhdl2023@visualhumanities.org<\/strong><\/p>\n\n\n\n<p>In cooperation with<\/p>\n\n\n\n<figure class=\"wp-block-gallery has-nested-images columns-default is-cropped wp-block-gallery-2 is-layout-flex wp-block-gallery-is-layout-flex\">\n<figure class=\"wp-block-image size-full\"><a href=\"https:\/\/www.urbanhistory4d.org\/wp-content\/uploads\/Logos3.png\"><img loading=\"lazy\" decoding=\"async\" width=\"640\" height=\"647\" data-id=\"8134\" src=\"https:\/\/www.urbanhistory4d.org\/wp-content\/uploads\/Logos3.png\" alt=\"\" class=\"wp-image-8134\" srcset=\"https:\/\/www.urbanhistory4d.org\/wp-content\/uploads\/Logos3.png 640w, https:\/\/www.urbanhistory4d.org\/wp-content\/uploads\/Logos3-297x300.png 297w, https:\/\/www.urbanhistory4d.org\/wp-content\/uploads\/Logos3-148x150.png 148w\" sizes=\"auto, (max-width: 640px) 100vw, 640px\" \/><\/a><\/figure>\n<\/figure>\n","protected":false},"excerpt":{"rendered":"<p>Workshop on Research and Education in Urban History in the Age of Digital Libraries Munich, 27 &amp; 28 March 2023 Call for Contributions Urban and architectural history are key areas in digital humanities and digital heritage. With respect to these research areas, digital repositories, data and research methods play an&#8230;<\/p>\n<p> <a class=\"continue-reading-link\" href=\"https:\/\/www.urbanhistory4d.org\/wordpress\/uhdl2023\/\"><span>Continue reading<\/span><i class=\"crycon-right-dir\"><\/i><\/a> <\/p>\n","protected":false},"author":7,"featured_media":0,"parent":0,"menu_order":0,"comment_status":"closed","ping_status":"closed","template":"","meta":{"footnotes":""},"class_list":["post-828","page","type-page","status-publish","hentry"],"_links":{"self":[{"href":"https:\/\/www.urbanhistory4d.org\/wordpress\/wp-json\/wp\/v2\/pages\/828","targetHints":{"allow":["GET"]}}],"collection":[{"href":"https:\/\/www.urbanhistory4d.org\/wordpress\/wp-json\/wp\/v2\/pages"}],"about":[{"href":"https:\/\/www.urbanhistory4d.org\/wordpress\/wp-json\/wp\/v2\/types\/page"}],"author":[{"embeddable":true,"href":"https:\/\/www.urbanhistory4d.org\/wordpress\/wp-json\/wp\/v2\/users\/7"}],"replies":[{"embeddable":true,"href":"https:\/\/www.urbanhistory4d.org\/wordpress\/wp-json\/wp\/v2\/comments?post=828"}],"version-history":[{"count":134,"href":"https:\/\/www.urbanhistory4d.org\/wordpress\/wp-json\/wp\/v2\/pages\/828\/revisions"}],"predecessor-version":[{"id":8167,"href":"https:\/\/www.urbanhistory4d.org\/wordpress\/wp-json\/wp\/v2\/pages\/828\/revisions\/8167"}],"wp:attachment":[{"href":"https:\/\/www.urbanhistory4d.org\/wordpress\/wp-json\/wp\/v2\/media?parent=828"}],"curies":[{"name":"wp","href":"https:\/\/api.w.org\/{rel}","templated":true}]}}