{"id":7778,"date":"2022-06-01T12:53:15","date_gmt":"2022-06-01T10:53:15","guid":{"rendered":"https:\/\/www.urbanhistory4d.org\/wordpress\/?page_id=7778"},"modified":"2023-02-15T10:51:21","modified_gmt":"2023-02-15T09:51:21","slug":"partners","status":"publish","type":"page","link":"https:\/\/www.urbanhistory4d.org\/wordpress\/partners\/","title":{"rendered":"Partners"},"content":{"rendered":"\n<h4 class=\"wp-block-heading\">Coordinator<\/h4>\n\n\n\n<div class=\"wp-block-columns is-layout-flex wp-container-core-columns-is-layout-9d6595d7 wp-block-columns-is-layout-flex\">\n<div class=\"wp-block-column is-layout-flow wp-block-column-is-layout-flow\">\n<p>Prof. Dr. Sander M\u00fcnster<br>Juniorprofessur f\u00fcr Digital Humanities<br>mit Schwerpunkt Bild- und Objektdaten<br>Friedrich-Schiller-Universit\u00e4t Jena<\/p>\n\n\n\n<figure class=\"wp-block-image size-large\"><a href=\"https:\/\/www.uni-jena.de\" target=\"_blank\" rel=\"noopener\"><img loading=\"lazy\" decoding=\"async\" width=\"1024\" height=\"409\" src=\"https:\/\/www.urbanhistory4d.org\/wordpress\/wp-content\/uploads\/UniJena-logo-1024x409.png\" alt=\"\" class=\"wp-image-7798\" srcset=\"https:\/\/www.urbanhistory4d.org\/wp-content\/uploads\/UniJena-logo-1024x409.png 1024w, https:\/\/www.urbanhistory4d.org\/wp-content\/uploads\/UniJena-logo-300x120.png 300w, https:\/\/www.urbanhistory4d.org\/wp-content\/uploads\/UniJena-logo-768x307.png 768w, https:\/\/www.urbanhistory4d.org\/wp-content\/uploads\/UniJena-logo-1536x613.png 1536w, https:\/\/www.urbanhistory4d.org\/wp-content\/uploads\/UniJena-logo-2048x818.png 2048w, https:\/\/www.urbanhistory4d.org\/wp-content\/uploads\/UniJena-logo-150x60.png 150w\" sizes=\"auto, (max-width: 1024px) 100vw, 1024px\" \/><\/a><\/figure>\n<\/div>\n\n\n\n<div class=\"wp-block-column is-layout-flow wp-block-column-is-layout-flow\">\n<p><\/p>\n<\/div>\n<\/div>\n\n\n\n<h4 class=\"wp-block-heading\">Project Partners<\/h4>\n\n\n\n<div class=\"wp-block-columns is-layout-flex wp-container-core-columns-is-layout-9d6595d7 wp-block-columns-is-layout-flex\">\n<div class=\"wp-block-column is-layout-flow wp-block-column-is-layout-flow\" style=\"flex-basis:100%\">\n<div class=\"wp-block-columns is-layout-flex wp-container-core-columns-is-layout-9d6595d7 wp-block-columns-is-layout-flex\">\n<div class=\"wp-block-column is-layout-flow wp-block-column-is-layout-flow\">\n<p>Prof. Dr. Sina Zarrie\u00df<br>Fakult\u00e4t f\u00fcr Linguistik und Literaturwissenschaften<br>Universit\u00e4t Bielefeld<\/p>\n\n\n\n<figure class=\"wp-block-image size-large\"><a href=\"https:\/\/www.uni-bielefeld.de\" target=\"_blank\" rel=\"noopener\"><img loading=\"lazy\" decoding=\"async\" width=\"1024\" height=\"244\" src=\"https:\/\/www.urbanhistory4d.org\/wordpress\/wp-content\/uploads\/Universitat_Bielefeld_Logo-1024x244.png\" alt=\"\" class=\"wp-image-7797\" srcset=\"https:\/\/www.urbanhistory4d.org\/wp-content\/uploads\/Universitat_Bielefeld_Logo-1024x244.png 1024w, https:\/\/www.urbanhistory4d.org\/wp-content\/uploads\/Universitat_Bielefeld_Logo-300x71.png 300w, https:\/\/www.urbanhistory4d.org\/wp-content\/uploads\/Universitat_Bielefeld_Logo-768x183.png 768w, https:\/\/www.urbanhistory4d.org\/wp-content\/uploads\/Universitat_Bielefeld_Logo-150x36.png 150w, https:\/\/www.urbanhistory4d.org\/wp-content\/uploads\/Universitat_Bielefeld_Logo.png 1280w\" sizes=\"auto, (max-width: 1024px) 100vw, 1024px\" \/><\/a><\/figure>\n<\/div>\n\n\n\n<div class=\"wp-block-column is-layout-flow wp-block-column-is-layout-flow\">\n<p>Prof. Dr. Stephan Hoppe<br>Institut f\u00fcr Kunstgeschichte<br>Ludwig-Maximilians-Universit\u00e4t M\u00fcnchen<\/p>\n\n\n\n<figure class=\"wp-block-image size-large\"><a href=\"https:\/\/www.lmu.de\/\" target=\"_blank\" rel=\"noopener\"><img loading=\"lazy\" decoding=\"async\" width=\"1024\" height=\"536\" src=\"https:\/\/www.urbanhistory4d.org\/wordpress\/wp-content\/uploads\/LMU_Muenchen_Logo-1024x536.png\" alt=\"\" class=\"wp-image-7796\" srcset=\"https:\/\/www.urbanhistory4d.org\/wp-content\/uploads\/LMU_Muenchen_Logo-1024x536.png 1024w, https:\/\/www.urbanhistory4d.org\/wp-content\/uploads\/LMU_Muenchen_Logo-300x157.png 300w, https:\/\/www.urbanhistory4d.org\/wp-content\/uploads\/LMU_Muenchen_Logo-768x402.png 768w, https:\/\/www.urbanhistory4d.org\/wp-content\/uploads\/LMU_Muenchen_Logo-150x79.png 150w, https:\/\/www.urbanhistory4d.org\/wp-content\/uploads\/LMU_Muenchen_Logo.png 1200w\" sizes=\"auto, (max-width: 1024px) 100vw, 1024px\" \/><\/a><\/figure>\n<\/div>\n\n\n\n<div class=\"wp-block-column is-layout-flow wp-block-column-is-layout-flow\">\n<p>Prof. Dr.-Ing. Florian Niebling<br>Medieninformatik<br>Julius-Maximilians-Universit\u00e4t W\u00fcrzburg<\/p>\n\n\n\n<figure class=\"wp-block-image size-full\"><a href=\"http:\/\/www.uni-wuerzburg.de\/\" target=\"_blank\" rel=\"noopener\"><img loading=\"lazy\" decoding=\"async\" width=\"328\" height=\"144\" src=\"http:\/\/www.urbanhistory4d.org\/wordpress\/wp-content\/uploads\/jmuw_logo-small.png\" alt=\"\" class=\"wp-image-353\" srcset=\"https:\/\/www.urbanhistory4d.org\/wp-content\/uploads\/jmuw_logo-small.png 328w, https:\/\/www.urbanhistory4d.org\/wp-content\/uploads\/jmuw_logo-small-300x132.png 300w, https:\/\/www.urbanhistory4d.org\/wp-content\/uploads\/jmuw_logo-small-250x110.png 250w, https:\/\/www.urbanhistory4d.org\/wp-content\/uploads\/jmuw_logo-small-150x66.png 150w\" sizes=\"auto, (max-width: 328px) 100vw, 328px\" \/><\/a><\/figure>\n<\/div>\n<\/div>\n<\/div>\n<\/div>\n\n\n\n<h4 class=\"wp-block-heading\">Research Partners<\/h4>\n\n\n\n<div class=\"wp-block-columns is-layout-flex wp-container-core-columns-is-layout-9d6595d7 wp-block-columns-is-layout-flex\">\n<div class=\"wp-block-column is-layout-flow wp-block-column-is-layout-flow\">\n<p class=\"has-text-align-center\">TU Dresden<br><\/p>\n\n\n\n<figure class=\"wp-block-image size-full\"><a href=\"https:\/\/tu-dresden.de\/\" target=\"_blank\" rel=\"noopener\"><img loading=\"lazy\" decoding=\"async\" width=\"328\" height=\"144\" src=\"http:\/\/www.urbanhistory4d.org\/wordpress\/wp-content\/uploads\/tud_logo-small.png\" alt=\"\" class=\"wp-image-354\" srcset=\"https:\/\/www.urbanhistory4d.org\/wp-content\/uploads\/tud_logo-small.png 328w, https:\/\/www.urbanhistory4d.org\/wp-content\/uploads\/tud_logo-small-300x132.png 300w, https:\/\/www.urbanhistory4d.org\/wp-content\/uploads\/tud_logo-small-250x110.png 250w, https:\/\/www.urbanhistory4d.org\/wp-content\/uploads\/tud_logo-small-150x66.png 150w\" sizes=\"auto, (max-width: 328px) 100vw, 328px\" \/><\/a><\/figure>\n<\/div>\n\n\n\n<div class=\"wp-block-column is-layout-flow wp-block-column-is-layout-flow\">\n<p class=\"has-text-align-center\">Stadt Jena<br><\/p>\n\n\n\n<figure class=\"wp-block-image size-large\"><a href=\"https:\/\/startseite.jena.de\/de\" target=\"_blank\" rel=\"noopener\"><img loading=\"lazy\" decoding=\"async\" width=\"1024\" height=\"204\" src=\"https:\/\/www.urbanhistory4d.org\/wordpress\/wp-content\/uploads\/Stadt_Jena_Logo-1024x204.jpg\" alt=\"\" class=\"wp-image-7780\" srcset=\"https:\/\/www.urbanhistory4d.org\/wp-content\/uploads\/Stadt_Jena_Logo-1024x204.jpg 1024w, https:\/\/www.urbanhistory4d.org\/wp-content\/uploads\/Stadt_Jena_Logo-300x60.jpg 300w, https:\/\/www.urbanhistory4d.org\/wp-content\/uploads\/Stadt_Jena_Logo-768x153.jpg 768w, https:\/\/www.urbanhistory4d.org\/wp-content\/uploads\/Stadt_Jena_Logo-1536x306.jpg 1536w, https:\/\/www.urbanhistory4d.org\/wp-content\/uploads\/Stadt_Jena_Logo-150x30.jpg 150w, https:\/\/www.urbanhistory4d.org\/wp-content\/uploads\/Stadt_Jena_Logo.jpg 1702w\" sizes=\"auto, (max-width: 1024px) 100vw, 1024px\" \/><\/a><\/figure>\n<\/div>\n\n\n\n<div class=\"wp-block-column is-layout-flow wp-block-column-is-layout-flow\">\n<p class=\"has-text-align-center\">S\u00e4chsische Akademie der Wissenschaften<\/p>\n\n\n\n<figure class=\"wp-block-image size-full\"><a href=\"https:\/\/www.saw-leipzig.de\/\" target=\"_blank\" rel=\"noopener\"><img loading=\"lazy\" decoding=\"async\" width=\"768\" height=\"334\" src=\"https:\/\/www.urbanhistory4d.org\/wordpress\/wp-content\/uploads\/saw-logo.png\" alt=\"\" class=\"wp-image-7781\" srcset=\"https:\/\/www.urbanhistory4d.org\/wp-content\/uploads\/saw-logo.png 768w, https:\/\/www.urbanhistory4d.org\/wp-content\/uploads\/saw-logo-300x130.png 300w, https:\/\/www.urbanhistory4d.org\/wp-content\/uploads\/saw-logo-150x65.png 150w\" sizes=\"auto, (max-width: 768px) 100vw, 768px\" \/><\/a><\/figure>\n<\/div>\n\n\n\n<div class=\"wp-block-column is-layout-flow wp-block-column-is-layout-flow\">\n<p class=\"has-text-align-center\">HU Berlin<\/p>\n\n\n\n<figure class=\"wp-block-image size-large\"><a href=\"https:\/\/www.hu-berlin.de\/\" target=\"_blank\" rel=\"noopener\"><img loading=\"lazy\" decoding=\"async\" width=\"1024\" height=\"1024\" src=\"https:\/\/www.urbanhistory4d.org\/wordpress\/wp-content\/uploads\/Huberlin-logo-1024x1024.png\" alt=\"\" class=\"wp-image-7779\" srcset=\"https:\/\/www.urbanhistory4d.org\/wp-content\/uploads\/Huberlin-logo-1024x1024.png 1024w, https:\/\/www.urbanhistory4d.org\/wp-content\/uploads\/Huberlin-logo-300x300.png 300w, https:\/\/www.urbanhistory4d.org\/wp-content\/uploads\/Huberlin-logo-150x150.png 150w, https:\/\/www.urbanhistory4d.org\/wp-content\/uploads\/Huberlin-logo-768x768.png 768w, https:\/\/www.urbanhistory4d.org\/wp-content\/uploads\/Huberlin-logo-250x250.png 250w, https:\/\/www.urbanhistory4d.org\/wp-content\/uploads\/Huberlin-logo.png 1200w\" sizes=\"auto, (max-width: 1024px) 100vw, 1024px\" \/><\/a><\/figure>\n<\/div>\n<\/div>\n\n\n\n<h4 class=\"wp-block-heading\">Exploitation Partners<\/h4>\n\n\n\n<div class=\"wp-block-columns is-layout-flex wp-container-core-columns-is-layout-9d6595d7 wp-block-columns-is-layout-flex\">\n<div class=\"wp-block-column is-layout-flow wp-block-column-is-layout-flow\">\n<p class=\"has-text-align-center\">Europeana<\/p>\n\n\n\n<figure class=\"wp-block-image size-large\"><a href=\"https:\/\/www.europeana.eu\/\" target=\"_blank\" rel=\"noopener\"><img loading=\"lazy\" decoding=\"async\" width=\"1024\" height=\"561\" src=\"https:\/\/www.urbanhistory4d.org\/wordpress\/wp-content\/uploads\/Europeana_logo-1024x561.png\" alt=\"\" class=\"wp-image-7787\" srcset=\"https:\/\/www.urbanhistory4d.org\/wp-content\/uploads\/Europeana_logo-1024x561.png 1024w, https:\/\/www.urbanhistory4d.org\/wp-content\/uploads\/Europeana_logo-300x165.png 300w, https:\/\/www.urbanhistory4d.org\/wp-content\/uploads\/Europeana_logo-768x421.png 768w, https:\/\/www.urbanhistory4d.org\/wp-content\/uploads\/Europeana_logo-150x82.png 150w, https:\/\/www.urbanhistory4d.org\/wp-content\/uploads\/Europeana_logo.png 1200w\" sizes=\"auto, (max-width: 1024px) 100vw, 1024px\" \/><\/a><\/figure>\n<\/div>\n\n\n\n<div class=\"wp-block-column is-layout-flow wp-block-column-is-layout-flow\">\n<p class=\"has-text-align-center\">SLUB \u2013 Digitale Fotothek<\/p>\n\n\n\n<figure class=\"wp-block-image size-full\"><a href=\"https:\/\/www.deutschefotothek.de\/\" target=\"_blank\" rel=\"noopener\"><img loading=\"lazy\" decoding=\"async\" width=\"280\" height=\"144\" src=\"http:\/\/www.urbanhistory4d.org\/wordpress\/wp-content\/uploads\/slub.png\" alt=\"\" class=\"wp-image-224\" srcset=\"https:\/\/www.urbanhistory4d.org\/wp-content\/uploads\/slub.png 280w, https:\/\/www.urbanhistory4d.org\/wp-content\/uploads\/slub-250x129.png 250w, https:\/\/www.urbanhistory4d.org\/wp-content\/uploads\/slub-150x77.png 150w\" sizes=\"auto, (max-width: 280px) 100vw, 280px\" \/><\/a><\/figure>\n<\/div>\n\n\n\n<div class=\"wp-block-column is-layout-flow wp-block-column-is-layout-flow\">\n<p class=\"has-text-align-center\">The Getty Research Institute<\/p>\n\n\n\n<figure class=\"wp-block-image size-full\"><a href=\"https:\/\/www.getty.edu\/\" target=\"_blank\" rel=\"noopener\"><img loading=\"lazy\" decoding=\"async\" width=\"220\" height=\"84\" src=\"https:\/\/www.urbanhistory4d.org\/wordpress\/wp-content\/uploads\/getty-research.png\" alt=\"\" class=\"wp-image-7789\" srcset=\"https:\/\/www.urbanhistory4d.org\/wp-content\/uploads\/getty-research.png 220w, https:\/\/www.urbanhistory4d.org\/wp-content\/uploads\/getty-research-150x57.png 150w\" sizes=\"auto, (max-width: 220px) 100vw, 220px\" \/><\/a><\/figure>\n<\/div>\n<\/div>\n\n\n\n<h4 class=\"wp-block-heading\">Community Partners<\/h4>\n\n\n\n<div class=\"wp-block-columns is-layout-flex wp-container-core-columns-is-layout-9d6595d7 wp-block-columns-is-layout-flex\">\n<div class=\"wp-block-column is-layout-flow wp-block-column-is-layout-flow\">\n<p class=\"has-text-align-center\">Dariah-EU<\/p>\n\n\n\n<figure class=\"wp-block-image size-large\"><a href=\"https:\/\/www.dariah.eu\/\" target=\"_blank\" rel=\"noopener\"><img loading=\"lazy\" decoding=\"async\" width=\"1024\" height=\"482\" src=\"https:\/\/www.urbanhistory4d.org\/wordpress\/wp-content\/uploads\/dariah-eu-logo-baseline-1024x482.png\" alt=\"\" class=\"wp-image-7784\" srcset=\"https:\/\/www.urbanhistory4d.org\/wp-content\/uploads\/dariah-eu-logo-baseline-1024x482.png 1024w, https:\/\/www.urbanhistory4d.org\/wp-content\/uploads\/dariah-eu-logo-baseline-300x141.png 300w, https:\/\/www.urbanhistory4d.org\/wp-content\/uploads\/dariah-eu-logo-baseline-768x361.png 768w, https:\/\/www.urbanhistory4d.org\/wp-content\/uploads\/dariah-eu-logo-baseline-1536x723.png 1536w, https:\/\/www.urbanhistory4d.org\/wp-content\/uploads\/dariah-eu-logo-baseline-2048x964.png 2048w, https:\/\/www.urbanhistory4d.org\/wp-content\/uploads\/dariah-eu-logo-baseline-150x71.png 150w\" sizes=\"auto, (max-width: 1024px) 100vw, 1024px\" \/><\/a><\/figure>\n<\/div>\n\n\n\n<div class=\"wp-block-column is-layout-flow wp-block-column-is-layout-flow\">\n<p class=\"has-text-align-center\">AG Digitale 3D-Rekonstruktion des DHd e.V.<\/p>\n\n\n\n<figure class=\"wp-block-image size-large\"><a href=\"https:\/\/digitale-rekonstruktion.info\/\" target=\"_blank\" rel=\"noopener\"><img loading=\"lazy\" decoding=\"async\" width=\"1024\" height=\"281\" src=\"https:\/\/www.urbanhistory4d.org\/wordpress\/wp-content\/uploads\/AG_Digitale_Rekonstruktion_Logo-1024x281.jpg\" alt=\"\" class=\"wp-image-7785\" srcset=\"https:\/\/www.urbanhistory4d.org\/wp-content\/uploads\/AG_Digitale_Rekonstruktion_Logo-1024x281.jpg 1024w, https:\/\/www.urbanhistory4d.org\/wp-content\/uploads\/AG_Digitale_Rekonstruktion_Logo-300x82.jpg 300w, https:\/\/www.urbanhistory4d.org\/wp-content\/uploads\/AG_Digitale_Rekonstruktion_Logo-768x211.jpg 768w, https:\/\/www.urbanhistory4d.org\/wp-content\/uploads\/AG_Digitale_Rekonstruktion_Logo-150x41.jpg 150w, https:\/\/www.urbanhistory4d.org\/wp-content\/uploads\/AG_Digitale_Rekonstruktion_Logo.jpg 1500w\" sizes=\"auto, (max-width: 1024px) 100vw, 1024px\" \/><\/a><\/figure>\n<\/div>\n\n\n\n<div class=\"wp-block-column is-layout-flow wp-block-column-is-layout-flow\">\n<p class=\"has-text-align-center\">Time Machine.DE<\/p>\n\n\n\n<figure class=\"wp-block-image size-large\"><a href=\"https:\/\/www.timemachine.eu\/\" target=\"_blank\" rel=\"noopener\"><img loading=\"lazy\" decoding=\"async\" width=\"1024\" height=\"466\" src=\"https:\/\/www.urbanhistory4d.org\/wordpress\/wp-content\/uploads\/TimeMachine-logo-1024x466.png\" alt=\"\" class=\"wp-image-7786\" srcset=\"https:\/\/www.urbanhistory4d.org\/wp-content\/uploads\/TimeMachine-logo-1024x466.png 1024w, https:\/\/www.urbanhistory4d.org\/wp-content\/uploads\/TimeMachine-logo-300x137.png 300w, https:\/\/www.urbanhistory4d.org\/wp-content\/uploads\/TimeMachine-logo-768x350.png 768w, https:\/\/www.urbanhistory4d.org\/wp-content\/uploads\/TimeMachine-logo-1536x699.png 1536w, https:\/\/www.urbanhistory4d.org\/wp-content\/uploads\/TimeMachine-logo-2048x933.png 2048w, https:\/\/www.urbanhistory4d.org\/wp-content\/uploads\/TimeMachine-logo-150x68.png 150w\" sizes=\"auto, (max-width: 1024px) 100vw, 1024px\" \/><\/a><\/figure>\n<\/div>\n<\/div>\n\n\n\n<p><\/p>\n","protected":false},"excerpt":{"rendered":"<p>Coordinator Prof. Dr. Sander M\u00fcnsterJuniorprofessur f\u00fcr Digital Humanitiesmit Schwerpunkt Bild- und ObjektdatenFriedrich-Schiller-Universit\u00e4t Jena Project Partners Prof. Dr. Sina Zarrie\u00dfFakult\u00e4t f\u00fcr Linguistik und LiteraturwissenschaftenUniversit\u00e4t Bielefeld Prof. Dr. Stephan HoppeInstitut f\u00fcr KunstgeschichteLudwig-Maximilians-Universit\u00e4t M\u00fcnchen Prof. Dr.-Ing. Florian NieblingMedieninformatikJulius-Maximilians-Universit\u00e4t W\u00fcrzburg Research Partners TU Dresden Stadt Jena S\u00e4chsische Akademie der Wissenschaften HU Berlin Exploitation Partners&#8230;<\/p>\n<p> <a class=\"continue-reading-link\" href=\"https:\/\/www.urbanhistory4d.org\/wordpress\/partners\/\"><span>Continue reading<\/span><i class=\"crycon-right-dir\"><\/i><\/a> <\/p>\n","protected":false},"author":4,"featured_media":0,"parent":0,"menu_order":0,"comment_status":"closed","ping_status":"closed","template":"","meta":{"footnotes":""},"class_list":["post-7778","page","type-page","status-publish","hentry"],"_links":{"self":[{"href":"https:\/\/www.urbanhistory4d.org\/wordpress\/wp-json\/wp\/v2\/pages\/7778","targetHints":{"allow":["GET"]}}],"collection":[{"href":"https:\/\/www.urbanhistory4d.org\/wordpress\/wp-json\/wp\/v2\/pages"}],"about":[{"href":"https:\/\/www.urbanhistory4d.org\/wordpress\/wp-json\/wp\/v2\/types\/page"}],"author":[{"embeddable":true,"href":"https:\/\/www.urbanhistory4d.org\/wordpress\/wp-json\/wp\/v2\/users\/4"}],"replies":[{"embeddable":true,"href":"https:\/\/www.urbanhistory4d.org\/wordpress\/wp-json\/wp\/v2\/comments?post=7778"}],"version-history":[{"count":8,"href":"https:\/\/www.urbanhistory4d.org\/wordpress\/wp-json\/wp\/v2\/pages\/7778\/revisions"}],"predecessor-version":[{"id":7974,"href":"https:\/\/www.urbanhistory4d.org\/wordpress\/wp-json\/wp\/v2\/pages\/7778\/revisions\/7974"}],"wp:attachment":[{"href":"https:\/\/www.urbanhistory4d.org\/wordpress\/wp-json\/wp\/v2\/media?parent=7778"}],"curies":[{"name":"wp","href":"https:\/\/api.w.org\/{rel}","templated":true}]}}