{"id":7751,"date":"2022-05-18T14:20:42","date_gmt":"2022-05-18T12:20:42","guid":{"rendered":"https:\/\/www.urbanhistory4d.org\/wordpress\/?page_id=7751"},"modified":"2023-02-15T11:29:10","modified_gmt":"2023-02-15T10:29:10","slug":"contact","status":"publish","type":"page","link":"https:\/\/www.urbanhistory4d.org\/wordpress\/contact\/","title":{"rendered":"Contact"},"content":{"rendered":"\n<h2 class=\"wp-block-heading\">Coordinator<\/h2>\n\n\n<table style=\"color: initial;\">\n<tbody>\n<tr>\n<td style=\"width: 200px;\" align=\"right\"><a href=\"https:\/\/www.gw.uni-jena.de\/sander-muenster\"><img loading=\"lazy\" decoding=\"async\" class=\"alignnone wp-image-1653\" src=\"http:\/\/www.urbanhistory4d.org\/wordpress\/wp-content\/uploads\/sander.png\" alt=\"\" width=\"150\" height=\"188\" srcset=\"https:\/\/www.urbanhistory4d.org\/wp-content\/uploads\/sander.png 200w, https:\/\/www.urbanhistory4d.org\/wp-content\/uploads\/sander-120x150.png 120w\" sizes=\"auto, (max-width: 150px) 100vw, 150px\" \/><\/a><\/td>\n<td><strong>Prof. Dr. Sander M\u00fcnster<\/strong><br>Juniorprofessur f\u00fcr Digital Humanities<br>mit Schwerpunkt Bild- und Objektdaten<br>Friedrich-Schiller-Universit\u00e4t Jena<br><a href=\"mailto:sander.muenster@uni-jena.de\">sander.muenster@uni-jena.de<\/a><\/td>\n<\/tr>\n<\/tbody>\n<\/table>\n\n\n<h2 class=\"wp-block-heading\">Partners<\/h2>\n\n\n<table style=\"color: initial;\">\n<tbody>\n<tr>\n<td style=\"width: 200px;\" align=\"right\"><a href=\"https:\/\/www.kunstgeschichte.uni-muenchen.de\/personen\/professoren_innen\/hoppe\/index.html\"><img loading=\"lazy\" decoding=\"async\" class=\"alignnone wp-image-7758\" src=\"http:\/\/www.urbanhistory4d.org\/wordpress\/wp-content\/uploads\/hoppe-1.jpg\" alt=\"\" width=\"150\" height=\"192\" srcset=\"https:\/\/www.urbanhistory4d.org\/wp-content\/uploads\/hoppe-1.jpg 130w, https:\/\/www.urbanhistory4d.org\/wp-content\/uploads\/hoppe-1-117x150.jpg 117w\" sizes=\"auto, (max-width: 150px) 100vw, 150px\" \/><\/a><\/td>\n<td><strong>Prof. Dr. Stephan Hoppe<\/strong><br>Institut f\u00fcr Kunstgeschichte<br>Ludwig-Maximilians-Universit\u00e4t M\u00fcnchen<br><a href=\"mailto:stephan.hoppe@kunstgeschichte.uni-muenchen.de\">stephan.hoppe@kunstgeschichte.uni-muenchen.de<\/a><\/td>\n<\/tr>\n<tr>\n<td align=\"right\"><a href=\"https:\/\/www.hci.uni-wuerzburg.de\/people\/florian\/\"><img loading=\"lazy\" decoding=\"async\" class=\"alignnone wp-image-1650\" src=\"https:\/\/www.urbanhistory4d.org\/wp-content\/uploads\/florian_niebling.jpg\" alt=\"\" width=\"150\" height=\"188\"><\/a><\/td>\n<td><strong>Prof. Dr.-Ing. Florian Niebling<\/strong><br>Medieninformatik<br>Julius-Maximilians-Universit\u00e4t W\u00fcrzburg<br><a href=\"mailto:florian.niebling@uni-wuerzburg.de\">florian.niebling@uni-wuerzburg.de<\/a><\/td>\n<\/tr>\n<tr>\n<td align=\"right\"><a href=\"https:\/\/ekvv.uni-bielefeld.de\/pers_publ\/publ\/PersonDetail.jsp?personId=51642361\"><img loading=\"lazy\" decoding=\"async\" class=\"alignnone wp-image-7759\" src=\"http:\/\/www.urbanhistory4d.org\/wordpress\/wp-content\/uploads\/sina.png\" alt=\"\" width=\"150\" height=\"126\" srcset=\"https:\/\/www.urbanhistory4d.org\/wp-content\/uploads\/sina.png 227w, https:\/\/www.urbanhistory4d.org\/wp-content\/uploads\/sina-150x126.png 150w\" sizes=\"auto, (max-width: 150px) 100vw, 150px\" \/><\/a><\/td>\n<td><strong>Prof. Dr. Sina Zarrie\u00df<br><\/strong>Fakult\u00e4t f\u00fcr Linguistik und Literaturwissenschaften<br>Universit\u00e4t Bielefeld<br><a href=\"mailto:sina.zarriess@uni-bielefeld.de\">sina.zarriess@uni-bielefeld.de<\/a><\/td>\n<\/tr>\n<\/tbody>\n<\/table>\n\n\n<h2 class=\"wp-block-heading\">Project team members<\/h2>\n\n\n<table style=\"color: initial;\">\n<tbody>\n<tr>\n<td style=\"width: 200px;\" align=\"right\"><img loading=\"lazy\" decoding=\"async\" class=\"alignnone wp-image-1666\" src=\"http:\/\/www.urbanhistory4d.org\/wordpress\/wp-content\/uploads\/jonas_bruschke.png\" alt=\"\" width=\"150\" height=\"188\" srcset=\"https:\/\/www.urbanhistory4d.org\/wp-content\/uploads\/jonas_bruschke.png 200w, https:\/\/www.urbanhistory4d.org\/wp-content\/uploads\/jonas_bruschke-120x150.png 120w\" sizes=\"auto, (max-width: 150px) 100vw, 150px\" \/><\/td>\n<td><strong>Jonas Bruschke<\/strong><br>Research Associate | Media Informatics<br>Julius-Maximilians-Universit\u00e4t W\u00fcrzburg<br><a href=\"mailto:jonas.bruschke@uni-wuerzburg.de\">jonas.bruschke@uni-wuerzburg.de<\/a><\/td>\n<\/tr>\n<tr>\n<td align=\"right\"><img loading=\"lazy\" decoding=\"async\" class=\"alignnone wp-image-1635\" src=\"http:\/\/www.urbanhistory4d.org\/wordpress\/wp-content\/uploads\/cindy.png\" alt=\"\" width=\"150\" height=\"188\" srcset=\"https:\/\/www.urbanhistory4d.org\/wp-content\/uploads\/cindy.png 200w, https:\/\/www.urbanhistory4d.org\/wp-content\/uploads\/cindy-120x150.png 120w\" sizes=\"auto, (max-width: 150px) 100vw, 150px\" \/><\/td>\n<td>\n<p><strong>Cindy Kr\u00f6ber<\/strong><br>Research Associate | Information Science<br>Friedrich-Schiller-Universit\u00e4t Jena<br><a href=\"mailto:cindy.kroeber@uni-jena.de\">cindy.kroeber@uni-jena.de<\/a><\/p>\n<\/td>\n<\/tr>\n<tr>\n<td align=\"right\"><img loading=\"lazy\" decoding=\"async\" class=\"alignnone wp-image-1637\" src=\"http:\/\/www.urbanhistory4d.org\/wordpress\/wp-content\/uploads\/ferdinand.png\" alt=\"\" width=\"150\" height=\"188\" srcset=\"https:\/\/www.urbanhistory4d.org\/wp-content\/uploads\/ferdinand.png 200w, https:\/\/www.urbanhistory4d.org\/wp-content\/uploads\/ferdinand-120x150.png 120w\" sizes=\"auto, (max-width: 150px) 100vw, 150px\" \/><\/td>\n<td><strong>Ferdinand Maiwald<\/strong><br>Research Associate | Geodetics and Photogrammetry<br>Friedrich-Schiller-Universit\u00e4t Jena<br><a href=\"mailto:ferdinand.maiwald@uni-jena.de\">ferdinand.maiwald@uni-jena.de<\/a><\/td>\n<\/tr>\n<tr>\n<td align=\"right\"><img loading=\"lazy\" decoding=\"async\" class=\"alignnone wp-image-7757\" src=\"https:\/\/www.urbanhistory4d.org\/wp-content\/uploads\/aaron.jpg\" alt=\"\" width=\"150\" height=\"150\"><\/td>\n<td>\n<p><strong>Dr. des. Aaron Pattee<br><\/strong>Research Associate | Art History<br>Ludwig-Maximilians-Universit\u00e4t M\u00fcnchen<br><a href=\"mailto:aaron.pattee@lmu.de\">aaron.pattee@lmu.de<\/a><\/p>\n<\/td>\n<\/tr>\n<tr>\n<td align=\"right\"><img loading=\"lazy\" decoding=\"async\" class=\"alignnone wp-image-7756\" src=\"http:\/\/www.urbanhistory4d.org\/wordpress\/wp-content\/uploads\/ronja.png\" alt=\"\" width=\"150\" height=\"150\" srcset=\"https:\/\/www.urbanhistory4d.org\/wp-content\/uploads\/ronja.png 227w, https:\/\/www.urbanhistory4d.org\/wp-content\/uploads\/ronja-150x150.png 150w\" sizes=\"auto, (max-width: 150px) 100vw, 150px\" \/><\/td>\n<td><strong>Ronja Utescher<\/strong><br>Research Associate | Computational Linguistics<br>Friedrich-Schiller-Universit\u00e4t Jena<br><a href=\"mailto:ronja.utescher@\u200buni-jena.de\">ronja.utescher@\u200buni-jena.de<\/a><\/td>\n<\/tr>\n<\/tbody>\n<\/table>","protected":false},"excerpt":{"rendered":"<p>Coordinator Prof. Dr. Sander M\u00fcnsterJuniorprofessur f\u00fcr Digital Humanitiesmit Schwerpunkt Bild- und ObjektdatenFriedrich-Schiller-Universit\u00e4t Jenasander.muenster@uni-jena.de Partners Prof. Dr. Stephan HoppeInstitut f\u00fcr KunstgeschichteLudwig-Maximilians-Universit\u00e4t M\u00fcnchenstephan.hoppe@kunstgeschichte.uni-muenchen.de Prof. Dr.-Ing. Florian NieblingMedieninformatikJulius-Maximilians-Universit\u00e4t W\u00fcrzburgflorian.niebling@uni-wuerzburg.de Prof. Dr. Sina Zarrie\u00dfFakult\u00e4t f\u00fcr Linguistik und LiteraturwissenschaftenUniversit\u00e4t Bielefeldsina.zarriess@uni-bielefeld.de Project team members Jonas BruschkeResearch Associate | Media InformaticsJulius-Maximilians-Universit\u00e4t W\u00fcrzburgjonas.bruschke@uni-wuerzburg.de Cindy Kr\u00f6berResearch Associate | Information&#8230;<\/p>\n<p> <a class=\"continue-reading-link\" href=\"https:\/\/www.urbanhistory4d.org\/wordpress\/contact\/\"><span>Continue reading<\/span><i class=\"crycon-right-dir\"><\/i><\/a> <\/p>\n","protected":false},"author":4,"featured_media":0,"parent":0,"menu_order":0,"comment_status":"closed","ping_status":"closed","template":"","meta":{"footnotes":""},"class_list":["post-7751","page","type-page","status-publish","hentry"],"_links":{"self":[{"href":"https:\/\/www.urbanhistory4d.org\/wordpress\/wp-json\/wp\/v2\/pages\/7751","targetHints":{"allow":["GET"]}}],"collection":[{"href":"https:\/\/www.urbanhistory4d.org\/wordpress\/wp-json\/wp\/v2\/pages"}],"about":[{"href":"https:\/\/www.urbanhistory4d.org\/wordpress\/wp-json\/wp\/v2\/types\/page"}],"author":[{"embeddable":true,"href":"https:\/\/www.urbanhistory4d.org\/wordpress\/wp-json\/wp\/v2\/users\/4"}],"replies":[{"embeddable":true,"href":"https:\/\/www.urbanhistory4d.org\/wordpress\/wp-json\/wp\/v2\/comments?post=7751"}],"version-history":[{"count":8,"href":"https:\/\/www.urbanhistory4d.org\/wordpress\/wp-json\/wp\/v2\/pages\/7751\/revisions"}],"predecessor-version":[{"id":7982,"href":"https:\/\/www.urbanhistory4d.org\/wordpress\/wp-json\/wp\/v2\/pages\/7751\/revisions\/7982"}],"wp:attachment":[{"href":"https:\/\/www.urbanhistory4d.org\/wordpress\/wp-json\/wp\/v2\/media?parent=7751"}],"curies":[{"name":"wp","href":"https:\/\/api.w.org\/{rel}","templated":true}]}}