{"id":70,"date":"2015-08-01T00:00:26","date_gmt":"2015-08-01T00:00:26","guid":{"rendered":"http:\/\/win9196.informatik.uni-wuerzburg.de\/wordpress\/?page_id=70"},"modified":"2018-05-29T08:33:01","modified_gmt":"2018-05-29T06:33:01","slug":"impressum","status":"publish","type":"page","link":"https:\/\/www.urbanhistory4d.org\/wordpress\/impressum\/","title":{"rendered":"Impressum"},"content":{"rendered":"<p>This legal notice also applies to the following websites:<\/p>\n<ul>\n<li><a href=\"https:\/\/www.visualhumanities.org\">https:\/\/www.visualhumanities.org<\/a><\/li>\n<li><a href=\"https:\/\/www.urbanhistory4d.org\">https:\/\/www.urbanhistory4d.org<\/a><\/li>\n<\/ul>\n<p>And as a supplement to the extent that we process personal data on our own responsibility for:<\/p>\n<ul>\n<li><a href=\"https:\/\/www.youtube.com\/user\/hciwuerzburg\">https:\/\/www.youtube.com\/user\/hciwuerzburg<\/a><\/li>\n<\/ul>\n<p>Julius-Maximilians-Universit\u00e4t W\u00fcrzburg<br \/>\n(K\u00f6rperschaft des \u00f6ffentlichen Rechts)<br \/>\nSanderring 2, 97070 W\u00fcrzburg<br \/>\nPhone: +49 931 31-0<br \/>\nFax: +49 931 31-82600<br \/>\nE-Mail: webmaster@uni-wuerzburg.de<\/p>\n<p>Responsible controlling authority:<br \/>\nBayerisches Staatsministerium f\u00fcr Wissenschaft und Kunst (<a href=\"http:\/\/www.km.bayern.de\/\">http:\/\/www.km.bayern.de\/<\/a>)<br \/>\nPostal Address: Salvatorstra\u00dfe 2 80327 M\u00fcnchen<\/p>\n<p>Value added tax identification number:<br \/>\nVAT ID pursuant to Section 27a Umsatzsteuergesetz (Value Added Tax Act): DE 134187690<\/p>\n<p>Lehrstuhl f\u00fcr<br \/>\nMensch-Computer-Interaktion (Informatik IX)<br \/>\nJulius-Maximilians-Universit\u00e4t W\u00fcrzburg<br \/>\nAm Hubland, 97074 W\u00fcrzburg<br \/>\nDeutschland<\/p>\n<p>phone: +49 (0) 931 31 88244<br \/>\nfax: +49 (0) 931 31 882440<\/p>\n<h2 id=\"represented-by\">Represented by<\/h2>\n<p>Dr. Florian Niebling\n<\/p>\n<p>For information about the website contact <a href=\"\/wordpress\/index.php\/contact\">Dr. Florian Niebling<\/a>.<\/p>\n<h2 id=\"data-protection-statement-and-disclaimer\">Data Protection Statement and Disclaimer<\/h2>\n<p>English version <a href=\"https:\/\/www.uni-wuerzburg.de\/en\/sonstiges\/privacy-disclaimer\/\">here<\/a> and German version <a href=\"https:\/\/www.uni-wuerzburg.de\/sonstiges\/datenschutz\/\">here<\/a>.<\/p>\n<h1 id=\"datenschutzerkl\u00e4rung-data-protection-statement-in-german\">Datenschutzerkl\u00e4rung (Data Protection Statement in German)<\/h1>\n<p>Diese Datenschutzerkl\u00e4rung gilt f\u00fcr die Webseiten:<\/p>\n<ul>\n<li><a href=\"https:\/\/www.visualhumanities.org\">https:\/\/www.visualhumanities.org<\/a><\/li>\n<li><a href=\"https:\/\/www.urbanhistory4d.org\">https:\/\/www.urbanhistory4d.org<\/a><\/li>\n<\/ul>\n<p>Und als Erg\u00e4nzung soweit wir personenbezogene Daten in eigener Verantwortung verarbeiten f\u00fcr:<br \/>\nhttps:\/\/www.youtube.com\/user\/hciwuerzburg<\/p>\n<p>Wir gehen derzeit davon aus, dass wir keiner datenschutzrechtlichen Mitverantwortung unterliegen, soweit Ihre Daten durch diesen Anbieter zu von diesen festgelegten Zwecken verarbeitet werden.<\/p>\n<h2 id=\"allgemeines\">Allgemeines<\/h2>\n<p>Datenschutz ist unser Anliegen und unsere gesetzliche Verpflichtung. Um die Sicherheit Ihrer Daten angemessen bei der \u00dcbertragung zu sch\u00fctzen, verwenden wir orientiert am aktuellen Stand der Technik entsprechende Verschl\u00fcsselungsverfahren (zum Teil SSL\/TLS) und gesicherte technische Systeme.<\/p>\n<p>F\u00fcr die Webseiten wird als aktive Komponente Javascript verwendet. Sollten Sie diese Funktion in Ihrem Browser abgestellt haben, erhalten Sie einen entsprechenden Hinweis, die Funktion zu aktivieren.<\/p>\n<h2 id=\"verantwortlicher\">Verantwortlicher<\/h2>\n<p>Dr. Florian Niebling<br \/>\nLehrstuhl f\u00fcr<br \/>\nMensch-Computer-Interaktion (Informatik IX)<br \/>\nJulius-Maximilians-Universit\u00e4t W\u00fcrzburg<br \/>\nAm Hubland,<br \/>\n97074 W\u00fcrzburg<br \/>\nDeutschland<br \/>\nTelefon: +49 (0) 931 31 88343<br \/>\nFax: +49 (0) 931 31 882440<br \/>\nE-Mail: sekretariat.hci@uni-wuerzburg.de<\/p>\n<h2 id=\"kontaktdaten-des-bestellten-beh\u00f6rdlichen-datenschutzbeauftragten\">Kontaktdaten des bestellten beh\u00f6rdlichen Datenschutzbeauftragten<\/h2>\n<p>Datenschutzbeauftragter der Hochschule<br \/>\nAss. jur., Regierungsdirektor Klaus Baumann<br \/>\nJulius-Maximilians-Universit\u00e4t W\u00fcrzburg<br \/>\nSanderring 2<br \/>\n97070 W\u00fcrzburg<br \/>\nDeutschland<br \/>\nTelefon: +49 (0) 931 31-82786<br \/>\nFax: +49 (0) 931 31-86880<br \/>\nE-Mail: justiziariat@uni-wuerzburg.de<\/p>\n<h2 id=\"zwecke-und-rechtsgrundlagen-der-verarbeitung\">Zwecke und Rechtsgrundlagen der Verarbeitung<\/h2>\n<p>Wir bieten gem\u00e4\u00df Art. 2 Abs. 6 BayHSchG, Art. 4 Abs. 1 S. 1 und 2 BayEGovG auf unseren Webseiten unsere Dienste und Verwaltungsleistungen sowie Informationen f\u00fcr die \u00d6ffentlichkeit \u00fcber unsere T\u00e4tigkeit.<br \/>\nUnsere Social Media Auftritte sind Teil unserer \u00d6ffentlichkeitsarbeit. Unser Bestreben ist es, zielgruppengerecht zu informieren und sich mit Ihnen auszutauschen, Art. 2 Abs. 6 BayHSchG . Wir erm\u00f6glichen Ihnen eine schnelle elektronische Kontaktaufnahme und unmittelbare Kommunikation \u00fcber die Medien Ihrer Wahl, \u00a7 5 Abs. 1 Nr. 2 TMG. Inhalte oder Anfragen, die Rechte Dritter verletzen oder die den Tatbestand einer Straftat, Ordnungswidrigkeit oder gesetzlichen Verhaltenspflicht erf\u00fcllen, legen wir durch \u00dcbermittlung an die zust\u00e4ndige Beh\u00f6rde offen und l\u00f6schen diese auf unserem Auftritt.<br \/>\nCookies, Protokolldateien, Statistiken der Social Media Anbieter und das Webanalyse-Tool Matomo verwenden wir anonymisiert zur Erstellung von Gesch\u00e4ftsstatistiken, zur Durchf\u00fchrung von Organisationsuntersuchungen, zur Pr\u00fcfung oder Wartung unseres Webdienstes und zur Gew\u00e4hrleistung der Netz- und Informationssicherheit gem\u00e4\u00df Art. 6 Abs. 1 BayDSG.<\/p>\n<h2 id=\"datenkategorien\">Datenkategorien<\/h2>\n<h3 id=\"protokolldateien\">Protokolldateien<\/h3>\n<p>Wenn Sie diese oder andere Internetseiten aufrufen, \u00fcbermitteln Sie \u00fcber Ihren Internetbrowser Daten an unseren Webserver. Die folgenden Daten werden w\u00e4hrend einer laufenden Verbindung zur Kommunikation zwischen Ihrem Internetbrowser und unserem Webserver aufgezeichnet:<\/p>\n<ul>\n<li>Datum und Uhrzeit der Anforderung<\/li>\n<li>Name der angeforderten Datei<\/li>\n<li>Seite, von der aus die Datei angefordert wurde<\/li>\n<li>Zugriffsstatus (beispielsweise Datei \u00fcbertragen, Datei nicht gefunden)<\/li>\n<li>verwendete Webbrowser und Bildschirmaufl\u00f6sung sowie das verwendete Betriebssystem<\/li>\n<li>vollst\u00e4ndige IP-Adresse des anfordernden Rechners<\/li>\n<li>\u00fcbertragene Datenmenge<\/li>\n<\/ul>\n<h3 id=\"cookies\">Cookies<\/h3>\n<h4 id=\"sessioncookie\">Sessioncookie<\/h4>\n<p>Dieser Cookie dient der allgemeinen Feststellung, ob Sie Cookies akzeptieren, da wir Ihnen den Dienst nicht ohne Cookies anbieten k\u00f6nnen.<\/p>\n<h3 id=\"kommunikation\">Kommunikation<\/h3>\n<p>Wenn Sie uns ein Anliegen oder eine Meinung per E-Mail, Post, Telefon, Fax oder Social Media mitteilen, werden die gemachten Angaben zum Zwecke der Bearbeitung des Anliegens sowie f\u00fcr m\u00f6gliche Anschlussfragen und zum Meinungsaustausch verarbeitet. Daf\u00fcr setzen wir immer den gleichen Kommunikationsweg ein, sofern Sie keinen Wechsel w\u00fcnschen.<\/p>\n<h2 id=\"empf\u00e4nger-oder-kategorien-von-empf\u00e4ngern-der-personenbezogenen-daten\">Empf\u00e4nger oder Kategorien von Empf\u00e4ngern der personenbezogenen Daten<\/h2>\n<p>Soweit Sie unsere Social Media Kan\u00e4le und Seiten nutzen, verarbeiten auch deren Anbieter Ihre personenbezogen Daten.<br \/>\nAuch unsere IT-Dienstleister k\u00f6nnen im Rahmen der von uns abgeschlossenen Vertr\u00e4ge zur Auftragsverarbeitung Empf\u00e4nger Ihrer personenbezogenen Daten sein. Um die Sicherheit unserer Datenverarbeitungsanlagen zu gew\u00e4hrleisten, legen wir unsere Dienstleister jedoch nicht offen.<\/p>\n<h2 id=\"\u00dcbermittlung-von-personenbezogenen-daten-an-ein-drittland-oder-internationale-organisationen\">\u00dcbermittlung von personenbezogenen Daten an ein Drittland oder internationale Organisationen<\/h2>\n<p>Alle unsere Social Media Anbieter sind unter dem EU-US Privacy Shield und f\u00fcr jede Person einsehbar zertifiziert, sodass ein rechtlich angemessenes Schutzniveau f\u00fcr personenbezogene Daten besteht:<\/p>\n<h3 id=\"youtube-youtube-llc-und-google-unter-google-llc\">Youtube (Youtube LLC) und Google+ unter Google LLC<\/h3>\n<p><a href=\"https:\/\/www.privacyshield.gov\/participant?id=a2zt000000001L5AAI&amp;status=Active\">https:\/\/www.privacyshield.gov\/participant?id=a2zt000000001L5AAI&amp;status=Active<\/a><\/p>\n<h2 id=\"dauer-der-speicherung-der-personenbezogenen-daten\">Dauer der Speicherung der personenbezogenen Daten<\/h2>\n<h3 id=\"protokolldateien-1\">Protokolldateien<\/h3>\n<p>Werden als personenbezogener Daten im Regelfall h\u00f6chstens sieben Tage aufbewahrt.<\/p>\n<h3 id=\"cookies-1\">Cookies<\/h3>\n<p>Das Session Cookie wird beim Beenden der Browsersitzung gel\u00f6scht.<\/p>\n<h3 id=\"kommunikation-1\">Kommunikation<\/h3>\n<p>Post, E-Mails und Social Media Beitr\u00e4ge und Nachrichten werden 6 Jahre nach Jahresende, in welchem der jeweilige Vorgang liegt, gel\u00f6scht.<\/p>\n<h2 id=\"betroffenenrechte\">Betroffenenrechte<\/h2>\n<p>Nach der Datenschutz-Grundverordnung stehen Ihnen folgende Rechte zu:<br \/>\nWerden Ihre personenbezogenen Daten verarbeitet, so haben Sie das Recht, Auskunft \u00fcber die zu Ihrer Person gespeicherten Daten zu erhalten (Art. 15 DSGVO).<br \/>\nSollten unrichtige personenbezogene Daten verarbeitet werden, steht Ihnen ein Recht auf Berichtigung zu (Art. 16 DSGVO).<br \/>\nLiegen die gesetzlichen Voraussetzungen vor, so k\u00f6nnen Sie die L\u00f6schung oder Einschr\u00e4nkung der Verarbeitung verlangen sowie Widerspruch gegen die Verarbeitung einlegen (Art. 17, 18 und 21 DSGVO).<br \/>\nWenn Sie in die Datenverarbeitung eingewilligt haben oder ein Vertrag zur Datenverarbeitung besteht und die Datenverarbeitung mithilfe automatisierter Verfahren durchgef\u00fchrt wird, steht Ihnen gegebenenfalls ein Recht auf Daten\u00fcbertragbarkeit zu (Art. 20 DSGVO).<br \/>\nSollten Sie von Ihren oben genannten Rechten Gebrauch machen, pr\u00fcft die \u00f6ffentliche Stelle, ob die gesetzlichen Voraussetzungen hierf\u00fcr erf\u00fcllt sind.<br \/>\nWeiterhin besteht ein Beschwerderecht beim Bayerischen Landesbeauftragten f\u00fcr den Datenschutz.<\/p>\n<h2 id=\"technische-widerspruchsl\u00f6sung-zur-matomo-webstatistik\">Technische Widerspruchsl\u00f6sung zur Matomo-Webstatistik<\/h2>\n<p>Sie k\u00f6nnen sich hier entscheiden, ob in Ihrem Browser ein eindeutiger Webanalyse-Cookie abgelegt werden darf, um dem Betreiber der Website die Erfassung und Analyse verschiedener statistischer Daten zu erm\u00f6glichen.<br \/>\nWenn Sie sich dagegen entscheiden m\u00f6chten, gehen Sie auf den folgenden Link um den Matomo-Deaktivierungs-Cookie in Ihrem Browser abzulegen: <a href=\"https:\/\/www.uni-wuerzburg.de\/sonstiges\/datenschutz\/\">https:\/\/www.uni-wuerzburg.de\/sonstiges\/datenschutz\/<\/a><\/p>\n<h2 id=\"sonstiges-zu-unserer-datenschutzerkl\u00e4rung\">Sonstiges zu unserer Datenschutzerkl\u00e4rung<\/h2>\n<p>Wir behalten uns vor, diese Datenschutzerkl\u00e4rung gelegentlich anzupassen, damit diese stets den aktuellen rechtlichen Anforderungen entspricht oder um \u00c4nderungen unserer Leistungen in der Datenschutzerkl\u00e4rung umzusetzen, z. B. bei der Einf\u00fchrung neuer Services. F\u00fcr Ihren erneuten Besuch gilt dann die neue Datenschutzerkl\u00e4rung.<br \/>\nWenn Sie Fragen haben, k\u00f6nnen Sie neben den Datenschutzbeauftragen auch eine E-Mail schreiben an: <a href=\"mailto:sekretariat.hci@uni-wuerzburg.de\">sekretariat.hci@uni-wuerzburg.de<\/a>.<\/p>\n","protected":false},"excerpt":{"rendered":"<p>This legal notice also applies to the following websites: https:\/\/www.visualhumanities.org https:\/\/www.urbanhistory4d.org And as a supplement to the extent that we process personal data on our own responsibility for: https:\/\/www.youtube.com\/user\/hciwuerzburg Julius-Maximilians-Universit\u00e4t W\u00fcrzburg (K\u00f6rperschaft des \u00f6ffentlichen Rechts) Sanderring 2, 97070 W\u00fcrzburg Phone: +49 931 31-0 Fax: +49 931 31-82600 E-Mail: webmaster@uni-wuerzburg.de Responsible&#8230;<\/p>\n<p> <a class=\"continue-reading-link\" href=\"https:\/\/www.urbanhistory4d.org\/wordpress\/impressum\/\"><span>Continue reading<\/span><i class=\"crycon-right-dir\"><\/i><\/a> <\/p>\n","protected":false},"author":1,"featured_media":0,"parent":0,"menu_order":0,"comment_status":"closed","ping_status":"closed","template":"","meta":{"footnotes":""},"class_list":["post-70","page","type-page","status-publish","hentry"],"_links":{"self":[{"href":"https:\/\/www.urbanhistory4d.org\/wordpress\/wp-json\/wp\/v2\/pages\/70","targetHints":{"allow":["GET"]}}],"collection":[{"href":"https:\/\/www.urbanhistory4d.org\/wordpress\/wp-json\/wp\/v2\/pages"}],"about":[{"href":"https:\/\/www.urbanhistory4d.org\/wordpress\/wp-json\/wp\/v2\/types\/page"}],"author":[{"embeddable":true,"href":"https:\/\/www.urbanhistory4d.org\/wordpress\/wp-json\/wp\/v2\/users\/1"}],"replies":[{"embeddable":true,"href":"https:\/\/www.urbanhistory4d.org\/wordpress\/wp-json\/wp\/v2\/comments?post=70"}],"version-history":[{"count":6,"href":"https:\/\/www.urbanhistory4d.org\/wordpress\/wp-json\/wp\/v2\/pages\/70\/revisions"}],"predecessor-version":[{"id":1286,"href":"https:\/\/www.urbanhistory4d.org\/wordpress\/wp-json\/wp\/v2\/pages\/70\/revisions\/1286"}],"wp:attachment":[{"href":"https:\/\/www.urbanhistory4d.org\/wordpress\/wp-json\/wp\/v2\/media?parent=70"}],"curies":[{"name":"wp","href":"https:\/\/api.w.org\/{rel}","templated":true}]}}