{"id":32,"date":"2015-08-01T00:00:29","date_gmt":"2015-08-01T00:00:29","guid":{"rendered":"http:\/\/win9196.informatik.uni-wuerzburg.de\/wordpress\/?page_id=32"},"modified":"2016-11-14T18:25:16","modified_gmt":"2016-11-14T17:25:16","slug":"methodischer-komplex","status":"publish","type":"page","link":"http:\/\/www.urbanhistory4d.org\/wordpress\/methodischer-komplex\/","title":{"rendered":"Methodischer Komplex"},"content":{"rendered":"<p class=\"western\">Der methodische Komplex behandelt forschungsmethodische Anforderungen an digitale Bild- und Planquellenrepositorien und sich daraus ableitende technische Unterst\u00fctzungsoptionen. Dazu geh\u00f6ren die Systematisierung von Unterst\u00fctzungsbedarfen, beispielsweise einer Identifikation und Kontextualisierung sowie eines visuellen Vergleichs zwischen derartigen Quellen und die Entwicklung von Nutzungsszenarien.<\/p>\n","protected":false},"excerpt":{"rendered":"<p>Der methodische Komplex behandelt forschungsmethodische Anforderungen an digitale Bild- und Planquellenrepositorien und sich daraus ableitende technische Unterst\u00fctzungsoptionen. Dazu geh\u00f6ren die Systematisierung von Unterst\u00fctzungsbedarfen, beispielsweise einer Identifikation und Kontextualisierung sowie eines visuellen Vergleichs zwischen derartigen Quellen und die Entwicklung von Nutzungsszenarien.<\/p>\n<p> <a class=\"continue-reading-link\" href=\"http:\/\/www.urbanhistory4d.org\/wordpress\/methodischer-komplex\/\"><span>Continue reading<\/span><i class=\"crycon-right-dir\"><\/i><\/a> <\/p>\n","protected":false},"author":1,"featured_media":0,"parent":0,"menu_order":0,"comment_status":"closed","ping_status":"closed","template":"","meta":{"footnotes":""},"class_list":["post-32","page","type-page","status-publish","hentry"],"_links":{"self":[{"href":"http:\/\/www.urbanhistory4d.org\/wordpress\/wp-json\/wp\/v2\/pages\/32","targetHints":{"allow":["GET"]}}],"collection":[{"href":"http:\/\/www.urbanhistory4d.org\/wordpress\/wp-json\/wp\/v2\/pages"}],"about":[{"href":"http:\/\/www.urbanhistory4d.org\/wordpress\/wp-json\/wp\/v2\/types\/page"}],"author":[{"embeddable":true,"href":"http:\/\/www.urbanhistory4d.org\/wordpress\/wp-json\/wp\/v2\/users\/1"}],"replies":[{"embeddable":true,"href":"http:\/\/www.urbanhistory4d.org\/wordpress\/wp-json\/wp\/v2\/comments?post=32"}],"version-history":[{"count":2,"href":"http:\/\/www.urbanhistory4d.org\/wordpress\/wp-json\/wp\/v2\/pages\/32\/revisions"}],"predecessor-version":[{"id":442,"href":"http:\/\/www.urbanhistory4d.org\/wordpress\/wp-json\/wp\/v2\/pages\/32\/revisions\/442"}],"wp:attachment":[{"href":"http:\/\/www.urbanhistory4d.org\/wordpress\/wp-json\/wp\/v2\/media?parent=32"}],"curies":[{"name":"wp","href":"https:\/\/api.w.org\/{rel}","templated":true}]}}