{"id":105,"date":"2015-08-20T09:32:10","date_gmt":"2015-08-20T09:32:10","guid":{"rendered":"http:\/\/win9196.informatik.uni-wuerzburg.de\/wordpress\/?page_id=105"},"modified":"2016-11-14T16:30:04","modified_gmt":"2016-11-14T15:30:04","slug":"projekt","status":"publish","type":"page","link":"http:\/\/www.urbanhistory4d.org\/wordpress\/projekt\/","title":{"rendered":"Projekt"},"content":{"rendered":"<p><strong>HistStadt4D<\/strong> &#8211; <strong><em>Multimodale Zug\u00e4nge zu historischen Bildrepositorien zur Unterst\u00fctzung stadt- und baugeschichtlicher Forschung und Vermittlung <\/em><\/strong>ist ein vom Bundesministerium f\u00fcr Bildung und Forschung im Rahmen der eHumanities-Initiative im Zeitraum vom 01.08.2015 bis 31.07.2020 gef\u00f6rdertes Kooperationsprojekt der Technischen Universit\u00e4t Dresden und der Julius-Maximilians-Universit\u00e4t W\u00fcrzburg.<br \/>\nDie Nachwuchsforschergruppe adressiert drei Fragenkomplexe. Ein <strong><a href=\"\/wordpress\/index.php\/geschichtlich-architektonischer-komplex\/\">geschichtlich-architektonischer Komplex<\/a><\/strong> behandelt am Beispiel der baugeschichtlichen Entwicklung der Stadt Dresden im 20. Jahrhundert die Erforschung und Vermittlung von Wechselwirkungen zwischen Stadtlandschaft und deren Abbildung. Damit verkn\u00fcpft ist ein zweiter, <strong><a href=\"\/wordpress\/index.php\/methodischer-komplex\/\">methodischer Komplex<\/a><\/strong>, welcher diesbez\u00fcgliche forschungsmethodische Anforderungen an digitale Bild- und Planquellenrepositorien und sich daraus ableitende technische Unterst\u00fctzungsoptionen behandelt. Darauf aufbauend behandelt ein <strong><a href=\"\/wordpress\/index.php\/informationell-technischer-komplex\/\">informationell-technischer Komplex<\/a><\/strong> eine bedarfsgerechte Informationsmodellierung und deren technische Umsetzung am Beispiel der Deutschen Fotothek.<\/p>\n","protected":false},"excerpt":{"rendered":"<p>HistStadt4D &#8211; Multimodale Zug\u00e4nge zu historischen Bildrepositorien zur Unterst\u00fctzung stadt- und baugeschichtlicher Forschung und Vermittlung ist ein vom Bundesministerium f\u00fcr Bildung und Forschung im Rahmen der eHumanities-Initiative im Zeitraum vom 01.08.2015 bis 31.07.2020 gef\u00f6rdertes Kooperationsprojekt der Technischen Universit\u00e4t Dresden und der Julius-Maximilians-Universit\u00e4t W\u00fcrzburg. Die Nachwuchsforschergruppe adressiert drei Fragenkomplexe. Ein geschichtlich-architektonischer&#8230;<\/p>\n<p> <a class=\"continue-reading-link\" href=\"http:\/\/www.urbanhistory4d.org\/wordpress\/projekt\/\"><span>Continue reading<\/span><i class=\"crycon-right-dir\"><\/i><\/a> <\/p>\n","protected":false},"author":1,"featured_media":0,"parent":0,"menu_order":0,"comment_status":"closed","ping_status":"closed","template":"","meta":{"footnotes":""},"class_list":["post-105","page","type-page","status-publish","hentry"],"_links":{"self":[{"href":"http:\/\/www.urbanhistory4d.org\/wordpress\/wp-json\/wp\/v2\/pages\/105","targetHints":{"allow":["GET"]}}],"collection":[{"href":"http:\/\/www.urbanhistory4d.org\/wordpress\/wp-json\/wp\/v2\/pages"}],"about":[{"href":"http:\/\/www.urbanhistory4d.org\/wordpress\/wp-json\/wp\/v2\/types\/page"}],"author":[{"embeddable":true,"href":"http:\/\/www.urbanhistory4d.org\/wordpress\/wp-json\/wp\/v2\/users\/1"}],"replies":[{"embeddable":true,"href":"http:\/\/www.urbanhistory4d.org\/wordpress\/wp-json\/wp\/v2\/comments?post=105"}],"version-history":[{"count":2,"href":"http:\/\/www.urbanhistory4d.org\/wordpress\/wp-json\/wp\/v2\/pages\/105\/revisions"}],"predecessor-version":[{"id":218,"href":"http:\/\/www.urbanhistory4d.org\/wordpress\/wp-json\/wp\/v2\/pages\/105\/revisions\/218"}],"wp:attachment":[{"href":"http:\/\/www.urbanhistory4d.org\/wordpress\/wp-json\/wp\/v2\/media?parent=105"}],"curies":[{"name":"wp","href":"https:\/\/api.w.org\/{rel}","templated":true}]}}